{"id":421,"date":"2026-03-27T11:18:37","date_gmt":"2026-03-27T14:18:37","guid":{"rendered":"https:\/\/tecnorrr.com\/?post_type=product&#038;p=421"},"modified":"2026-03-27T11:18:37","modified_gmt":"2026-03-27T14:18:37","slug":"tv-led-samsung-43-pulgadas-qm43b-4k-funciona-perfecto","status":"publish","type":"product","link":"https:\/\/tecnorrr.com\/?product=tv-led-samsung-43-pulgadas-qm43b-4k-funciona-perfecto","title":{"rendered":"TV Led Samsung 43 pulgadas QM43B 4k funciona perfecto"},"content":{"rendered":"<p>TV LED de 43 pulgadas y resoluci\u00f3n 4k (<span class=\"spec-highlight__value\">3,840 x 2,160<\/span>) funcionando perfecto, en su caja y con todo el embalaje, aparenta tener poco uso ya que todav\u00eda tiene las cintas que vienen originalmente en los bordes al sacarlas de la caja, al ser pantalla de uso profesional est\u00e1n pensadas para ser colgadas en pared as\u00ed que no incluyen pie, ademas no tienen SMART, el sistema que tienen es de hecho bastante b\u00e1sico, pero se le puede poner tranquilamente un Chromecast, Roku o dispositivos similares o usarlo con alguna mini pc o similares. Funciona perfecto sin rayas ni manchas ni problemas de encendido, incluye su control remoto original.<\/p>\n","protected":false},"excerpt":{"rendered":"<p>TV LED de 43 pulgadas y resoluci\u00f3n 4k (3,840 x 2,160) funcionando perfecto, en su caja y con todo el embalaje, aparenta tener poco uso ya que todav\u00eda tiene las cintas que vienen originalmente en los bordes al sacarlas de la caja, al ser pantalla de uso profesional est\u00e1n pensadas para ser colgadas en pared [&hellip;]<\/p>\n","protected":false},"featured_media":427,"template":"","meta":[],"product_cat":[29],"product_tag":[],"class_list":{"0":"post-421","1":"product","2":"type-product","3":"status-publish","4":"has-post-thumbnail","6":"product_cat-tv","8":"first","9":"instock","10":"shipping-taxable","11":"purchasable","12":"product-type-simple"},"_links":{"self":[{"href":"https:\/\/tecnorrr.com\/index.php?rest_route=\/wp\/v2\/product\/421","targetHints":{"allow":["GET"]}}],"collection":[{"href":"https:\/\/tecnorrr.com\/index.php?rest_route=\/wp\/v2\/product"}],"about":[{"href":"https:\/\/tecnorrr.com\/index.php?rest_route=\/wp\/v2\/types\/product"}],"wp:featuredmedia":[{"embeddable":true,"href":"https:\/\/tecnorrr.com\/index.php?rest_route=\/wp\/v2\/media\/427"}],"wp:attachment":[{"href":"https:\/\/tecnorrr.com\/index.php?rest_route=%2Fwp%2Fv2%2Fmedia&parent=421"}],"wp:term":[{"taxonomy":"product_cat","embeddable":true,"href":"https:\/\/tecnorrr.com\/index.php?rest_route=%2Fwp%2Fv2%2Fproduct_cat&post=421"},{"taxonomy":"product_tag","embeddable":true,"href":"https:\/\/tecnorrr.com\/index.php?rest_route=%2Fwp%2Fv2%2Fproduct_tag&post=421"}],"curies":[{"name":"wp","href":"https:\/\/api.w.org\/{rel}","templated":true}]}}